{"id":197,"date":"2023-03-15T10:00:32","date_gmt":"2023-03-15T10:00:32","guid":{"rendered":"http:\/\/www.freunde-guter-musik-berlin.de\/wp\/?page_id=197"},"modified":"2026-02-05T11:40:28","modified_gmt":"2026-02-05T11:40:28","slug":"aktuell","status":"publish","type":"page","link":"https:\/\/www.freunde-guter-musik-berlin.de\/","title":{"rendered":"Aktuell"},"content":{"rendered":"<h2><\/h2>\n<h2 style=\"font-weight: 400;\"><strong>Hamburger Bahnhof On Tour <\/strong><\/h2>\n<p>&nbsp;<\/p>\n<p style=\"font-weight: 400;\">Monatliche Veranstaltungsreihe<br \/>\n<strong>Februar bis Juli 2026<br \/>\n<\/strong>an ausgew\u00e4hlten Orten der Stadt<br \/>\nmit Performances und Konzerten von<\/p>\n<p style=\"font-weight: 400;\"><strong>Annika Kahrs<br \/>\n<\/strong><strong>OFF SCORE LIVE<\/strong><\/p>\n<p style=\"font-weight: 400;\"><strong>Sa\u00e2dane Afif<br \/>\n<\/strong><strong>FIVE PRELUDES LIVE<\/strong><\/p>\n<p>&nbsp;<\/p>\n<p style=\"font-weight: 400;\">Begleitprogramm zu den Ausstellungen im<br \/>\nHamburger Bahnhof \u2013 Nationalgalerie der Gegenwart<\/p>\n<p style=\"font-weight: 400;\"><strong>Annika Kahrs<br \/>\n<\/strong><strong>OFF SCORE<br \/>\n<\/strong>14.11.2025 \u2013 03.05.2026<\/p>\n<p style=\"font-weight: 400;\"><strong>Sa\u00e2dane Afif<br \/>\n<\/strong><strong>Five Preludes<br \/>\n<\/strong>12.12.2025 \u2013 13.09.2026<\/p>\n<p>&nbsp;<\/p>\n<p style=\"font-weight: 400;\">Das von Februar bis Juli 2026 stattfindende Programm <em>Hamburger Bahnhof On Tour<\/em> stellt an insgesamt sechs Abenden Performances und Konzerte der beiden in Berlin lebenden K\u00fcnstler*innen Annika Kahrs und Sa\u00e2dane Afif vor. Sie finden an ausgew\u00e4hlten Orten der Stadt statt, die aufgrund ihrer R\u00e4umlichkeit, ihrer Geschichte oder ihres programmatischen Profils jeweils zur Konzeption der Konzerte passen. Die Veranstaltungen erweitern die Ausstellungen in den Stadtraum hinein; beide K\u00fcnstler*innen begreifen Konzerte und Performances als integralen Teil ihrer Ausstellungen im Museum.<\/p>\n<p>&nbsp;<\/p>\n<p><strong>PROGRAMM<\/strong><\/p>\n<p style=\"font-weight: 400;\"><strong>\u00a0<\/strong><\/p>\n<h3 style=\"font-weight: 400;\"><strong>Annika Kahrs<\/strong><br \/>\n<a href=\"https:\/\/www.freunde-guter-musik-berlin.de\/?p=4664\"><strong>OFF SCORE LIVE<\/strong><\/a><\/h3>\n<p style=\"font-weight: 400;\"><strong><br \/>\nDonnerstag, 19. Februar 2026<\/strong><br \/>\n<strong>Musikinstrumenten-Museum SIM<br \/>\n<\/strong>Ben-Gurion-Stra\u00dfe 1, 10785 Berlin<\/p>\n<p style=\"font-weight: 400;\"><strong>18 Uhr<\/strong><br \/>\n<a href=\"https:\/\/www.freunde-guter-musik-berlin.de\/?p=4713\"><strong>Er\u00f6ffnung der Videoinstallation \u201eGanz ung\u00fcltig, nur ein Versuch\u201c<\/strong><\/a>, 2024<br \/>\nCurt-Sachs-Saal, Eintritt frei<\/p>\n<p style=\"font-weight: 400;\"><strong>20 Uhr<br \/>\n<a href=\"https:\/\/www.freunde-guter-musik-berlin.de\/?p=4717\">Performances<\/a><br \/>\nStrings<\/strong>, 2010<br \/>\nStreichquartett<br \/>\n<strong>Alone Together<\/strong>, 2016<br \/>\n4 Performer*innen, Solistenensemble Kaleidoskop<\/p>\n<p>&nbsp;<\/p>\n<p style=\"font-weight: 400;\"><strong>Mittwoch, 18. M\u00e4rz 2026, 19 Uhr<\/strong><br \/>\n<strong>Berliner Medizinhistorisches Museum der Charit\u00e9, H\u00f6rsaalruine<br \/>\n<\/strong>Virchowweg 16, 10117 Berlin<\/p>\n<p style=\"font-weight: 400;\"><strong><a href=\"https:\/\/www.freunde-guter-musik-berlin.de\/?p=4705\">Score of Symptoms<\/a><\/strong>, 2026<strong><br \/>\n<\/strong>7 Performer*innen, Solistenensemble Kaleidoskop<\/p>\n<p>&nbsp;<\/p>\n<p style=\"font-weight: 400;\"><strong>Mittwoch, 15. April 2026<br \/>\n<\/strong><strong>Heilige-Geist-Kirche<br \/>\n<\/strong>Perleberger Stra\u00dfe 36, 10559 Berlin<\/p>\n<p style=\"font-weight: 400;\"><strong>19 Uhr<br \/>\n<\/strong><strong>Einf\u00fchrung<br \/>\n<\/strong><span style=\"font-weight: 400;\">mit Annika Kahrs und Louis d\u2019Heudi\u00e8res im Gespr\u00e4ch mit Philipp Lange<\/span><\/p>\n<p><strong>20 Uhr<br \/>\n<\/strong><a href=\"https:\/\/www.freunde-guter-musik-berlin.de\/?p=4720\"><strong>the lord loves changes, it\u2019s one of his greatest delusions<\/strong><\/a>, 2018<br \/>\nPfeif-Chor und Orgel, Alexander Moosbrugger \u2013 Orgel<\/p>\n<h3><\/h3>\n<h3><\/h3>\n<p>&nbsp;<\/p>\n<p>&nbsp;<\/p>\n<h3 style=\"font-weight: 400;\"><strong>Sa\u00e2dane Afif<br \/>\nFIVE PRELUDES LIVE<\/strong><\/h3>\n<p style=\"font-weight: 400;\"><strong>Donnerstag, 28. Mai 2026, 20 Uhr<\/strong><br \/>\n<strong>Roter Salon der Volksb\u00fchne am Rosa-Luxemburg-Platz<br \/>\n<\/strong>Linienstrasse 227, 10178 Berlin<\/p>\n<p style=\"font-weight: 400;\"><strong>The Fountain Archives &amp; Anthologie de l\u2019humour noir<\/strong><\/p>\n<p>&nbsp;<\/p>\n<p style=\"font-weight: 400;\"><strong>Dienstag, 23. Juni 2026, 20 Uhr<br \/>\n<\/strong><strong>KM28<br \/>\n<\/strong>Karl-Marx-Strasse 28, 12043 Berlin<\/p>\n<p style=\"font-weight: 400;\"><strong>The Old &amp; Melancholic Beat Live<\/strong><\/p>\n<p>&nbsp;<\/p>\n<p style=\"font-weight: 400;\"><strong>Dienstag 7. Juli 2026, 20 Uhr<br \/>\n<\/strong><strong>Kantine am Berghain<br \/>\n<\/strong>Am Wriezener Bahnhof, 10243 Berlin<\/p>\n<p style=\"font-weight: 400;\"><strong>2000 millim\u00e8tres d\u2019infinis possibles<\/strong> <strong>&amp;<\/strong> <strong>Live<\/strong><\/p>\n<p>&nbsp;<\/p>\n<p><strong>Eine Veranstaltung von Freunde* Guter Musik Berlin e.V.<\/strong><br \/>\n<strong>in Zusammenarbeit mit Hamburger Bahnhof \u2013 Nationalgalerie der Gegenwart, Musikinstrumenten-Museum SIM, Berliner Medizinhistorisches Museum der Charit\u00e9, Ev. Heilige-Geist-Kirche-Gemeinde, Roter Salon der Volksb\u00fchne am Rosa-Luxemburg-Platz, KM28, Kantine am Berghain<\/strong><\/p>\n<p><strong>Konzeption: Ingrid Buschmann, Gabriele Knapstein<\/strong><\/p>\n<p style=\"font-weight: 400;\"><strong>Erm\u00f6glicht durch Hauptstadtkulturfonds. Mit Unterst\u00fctzung von FREUNDE der Nationalgalerie und Hamburger Bahnhof International Companions e.V.<\/strong><\/p>\n<p>&nbsp;<\/p>\n<p><strong>Informationen:<\/strong><br \/>\n<span style=\"color: #0000ff;\"><strong><a style=\"color: #0000ff;\" href=\"http:\/\/www.smb.museum\/hbf\" target=\"_blank\" rel=\"noopener\">www.smb.museum\/hbf<\/a><\/strong><\/span><br \/>\n<span style=\"color: #0000ff;\"><strong><a style=\"color: #0000ff;\" href=\"https:\/\/www.facebook.com\/hamburgerbahnhof\" target=\"_blank\" rel=\"noopener\">www.facebook.com\/hamburgerbahnhof<\/a><\/strong><\/span><br \/>\n<span style=\"color: #0000ff;\"><strong><a style=\"color: #0000ff;\" href=\"https:\/\/www.instagram.com\/hamburger_bahnhof\/\" target=\"_blank\" rel=\"noopener\">www.instagram.com\/hamburger_bahnhof<\/a><\/strong><\/span><\/p>\n<p>&nbsp;<\/p>\n<p><strong>Flyer:<br \/>\n<\/strong><span style=\"color: #0000ff;\"><strong><a style=\"color: #0000ff;\" href=\"https:\/\/www.freunde-guter-musik-berlin.de\/wp\/wp-content\/uploads\/2026\/02\/Annika-Kahrs_OFF-SCORE-LIVE_Flyer.pdf\">Annika Kahrs_OFF SCORE LIVE<\/a><\/strong><\/span><\/p>\n<p>&nbsp;<\/p>\n<p style=\"font-weight: 400;\"><strong>Eintritt zu den Konzerten<\/strong>: 15 \/ erm\u00e4\u00dfigt 12 Euro<br \/>\n<strong>Tickets:<\/strong> reservix.de (ab Ende Januar 2026)<\/p>\n<p><a href=\"https:\/\/www.reservix.de\/veranstaltungskalender?q=broken+music\" target=\"_blank\" rel=\"noopener\"><img decoding=\"async\" loading=\"lazy\" class=\"alignnone wp-image-4421\" src=\"http:\/\/www.freunde-guter-musik-berlin.de\/wp\/wp-content\/uploads\/2023\/03\/Reservix_Logo_dtp_web_rgb_font_black_180704-1.png\" alt=\"\" width=\"112\" height=\"50\" srcset=\"https:\/\/www.freunde-guter-musik-berlin.de\/wp\/wp-content\/uploads\/2023\/03\/Reservix_Logo_dtp_web_rgb_font_black_180704-1.png 1200w, https:\/\/www.freunde-guter-musik-berlin.de\/wp\/wp-content\/uploads\/2023\/03\/Reservix_Logo_dtp_web_rgb_font_black_180704-1-300x134.png 300w, https:\/\/www.freunde-guter-musik-berlin.de\/wp\/wp-content\/uploads\/2023\/03\/Reservix_Logo_dtp_web_rgb_font_black_180704-1-1024x457.png 1024w, https:\/\/www.freunde-guter-musik-berlin.de\/wp\/wp-content\/uploads\/2023\/03\/Reservix_Logo_dtp_web_rgb_font_black_180704-1-768x342.png 768w, https:\/\/www.freunde-guter-musik-berlin.de\/wp\/wp-content\/uploads\/2023\/03\/Reservix_Logo_dtp_web_rgb_font_black_180704-1-265x118.png 265w\" sizes=\"(max-width: 112px) 100vw, 112px\" \/><\/a><\/p>\n<p><strong>Erm\u00f6glicht durch:<\/strong><\/p>\n<p><a href=\"https:\/\/hauptstadtkulturfonds.berlin.de\/\" target=\"_blank\" rel=\"noopener\"><img decoding=\"async\" loading=\"lazy\" class=\"alignnone wp-image-4343\" src=\"http:\/\/www.freunde-guter-musik-berlin.de\/wp\/wp-content\/uploads\/2023\/03\/HKF_Logo_140x252.jpg\" alt=\"\" width=\"50\" height=\"90\" srcset=\"https:\/\/www.freunde-guter-musik-berlin.de\/wp\/wp-content\/uploads\/2023\/03\/HKF_Logo_140x252.jpg 140w, https:\/\/www.freunde-guter-musik-berlin.de\/wp\/wp-content\/uploads\/2023\/03\/HKF_Logo_140x252-78x140.jpg 78w\" sizes=\"(max-width: 50px) 100vw, 50px\" \/><\/a><\/p>\n","protected":false},"excerpt":{"rendered":"<p>Hamburger Bahnhof On Tour &nbsp; Monatliche Veranstaltungsreihe Februar bis Juli 2026 an ausgew\u00e4hlten Orten der Stadt mit Performances und Konzerten von Annika Kahrs OFF SCORE LIVE Sa\u00e2dane Afif FIVE PRELUDES LIVE &nbsp; Begleitprogramm zu den Ausstellungen im Hamburger Bahnhof \u2013 Nationalgalerie der Gegenwart Annika Kahrs OFF SCORE 14.11.2025 \u2013 03.05.2026 Sa\u00e2dane Afif Five Preludes 12.12.2025 \u2013 13.09.2026 &nbsp; Das von Februar bis Juli 2026 stattfindende Programm Hamburger Bahnhof On Tour stellt an insgesamt sechs Abenden Performances und Konzerte der beiden in Berlin lebenden K\u00fcnstler*innen Annika Kahrs und Sa\u00e2dane Afif vor. Sie finden an ausgew\u00e4hlten Orten der Stadt statt, die aufgrund ihrer R\u00e4umlichkeit, ihrer Geschichte oder ihres programmatischen Profils jeweils zur Konzeption der Konzerte passen. Die&#8230;<\/p>\n","protected":false},"author":2,"featured_media":0,"parent":0,"menu_order":0,"comment_status":"closed","ping_status":"closed","template":"","meta":[],"_links":{"self":[{"href":"https:\/\/www.freunde-guter-musik-berlin.de\/index.php?rest_route=\/wp\/v2\/pages\/197"}],"collection":[{"href":"https:\/\/www.freunde-guter-musik-berlin.de\/index.php?rest_route=\/wp\/v2\/pages"}],"about":[{"href":"https:\/\/www.freunde-guter-musik-berlin.de\/index.php?rest_route=\/wp\/v2\/types\/page"}],"author":[{"embeddable":true,"href":"https:\/\/www.freunde-guter-musik-berlin.de\/index.php?rest_route=\/wp\/v2\/users\/2"}],"replies":[{"embeddable":true,"href":"https:\/\/www.freunde-guter-musik-berlin.de\/index.php?rest_route=%2Fwp%2Fv2%2Fcomments&post=197"}],"version-history":[{"count":373,"href":"https:\/\/www.freunde-guter-musik-berlin.de\/index.php?rest_route=\/wp\/v2\/pages\/197\/revisions"}],"predecessor-version":[{"id":4806,"href":"https:\/\/www.freunde-guter-musik-berlin.de\/index.php?rest_route=\/wp\/v2\/pages\/197\/revisions\/4806"}],"wp:attachment":[{"href":"https:\/\/www.freunde-guter-musik-berlin.de\/index.php?rest_route=%2Fwp%2Fv2%2Fmedia&parent=197"}],"curies":[{"name":"wp","href":"https:\/\/api.w.org\/{rel}","templated":true}]}}