{"id":7,"date":"2010-11-04T08:05:20","date_gmt":"2010-11-04T08:05:20","guid":{"rendered":"http:\/\/www.freunde-guter-musik-berlin.de\/wp\/?page_id=7"},"modified":"2023-03-15T14:54:46","modified_gmt":"2023-03-15T14:54:46","slug":"mitgliedschaft","status":"publish","type":"page","link":"https:\/\/www.freunde-guter-musik-berlin.de\/?page_id=7","title":{"rendered":"Mitgliedschaft"},"content":{"rendered":"<p>Die Freunde Guter Musik Berlin e.V. wurden 1983 als Zusammenschluss engagierter Privatpersonen gegr\u00fcndet. Sie verfolgen unmittelbar gemeinn\u00fctzige Ziele.<\/p>\n<p>Als unabh\u00e4ngiger Veranstalter aktueller Musik und Kunstprojekte sind sie auf die Unterst\u00fctzung durch Mitglieder und Freunde angewiesen.<\/p>\n<p>Sie k\u00f6nnen die Arbeit des Vereins mit Ihrer Spende oder als passives Mitglied f\u00fcr einen Jahresbeitrag von \u20ac 30 f\u00f6rdern. Als Mitglied werden Sie regelm\u00e4\u00dfig \u00fcber alle Veranstaltungen des Vereins ausf\u00fchrlich informiert und erhalten erm\u00e4\u00dfigten Eintritt. Spenden und Mitgliedsbeitr\u00e4ge sind steuerlich absetzbar.<\/p>\n<p>Werden Sie Mitglied oder unterst\u00fctzen Sie uns mit einer Spende!<\/p>\n<p>&nbsp;<\/p>\n<p><strong>Kontakt:<\/strong><br \/>\nFreunde Guter Musik Berlin e.V.<br \/>\n<a href=\"info@freunde-guter-musik-berlin.de\" target=\"_blank\" rel=\"noopener\"> info@freunde-guter-musik-berlin.de<\/a><\/p>\n<p><strong>Beitrittserkl\u00e4rung:<br \/>\n<\/strong><a href=\"http:\/\/www.freunde-guter-musik-berlin.de\/wp\/wp-content\/uploads\/2010\/11\/Beitrittserkl\u00e4rung.pdf\">Beitrittserkl\u00e4rung<\/a><\/p>\n","protected":false},"excerpt":{"rendered":"<p>Die Freunde Guter Musik Berlin e.V. wurden 1983 als Zusammenschluss engagierter Privatpersonen gegr\u00fcndet. Sie verfolgen unmittelbar gemeinn\u00fctzige Ziele. Als unabh\u00e4ngiger Veranstalter aktueller Musik und Kunstprojekte sind sie auf die Unterst\u00fctzung durch Mitglieder und Freunde angewiesen. Sie k\u00f6nnen die Arbeit des Vereins mit Ihrer Spende oder als passives Mitglied f\u00fcr einen Jahresbeitrag von \u20ac 30 f\u00f6rdern. Als Mitglied werden Sie regelm\u00e4\u00dfig \u00fcber alle Veranstaltungen des Vereins ausf\u00fchrlich informiert und erhalten erm\u00e4\u00dfigten Eintritt. Spenden und Mitgliedsbeitr\u00e4ge sind steuerlich absetzbar. Werden Sie Mitglied oder unterst\u00fctzen Sie uns mit einer Spende! &nbsp; Kontakt: Freunde Guter Musik Berlin e.V. info@freunde-guter-musik-berlin.de Beitrittserkl\u00e4rung: Beitrittserkl\u00e4rung<\/p>\n","protected":false},"author":2,"featured_media":0,"parent":0,"menu_order":2,"comment_status":"closed","ping_status":"closed","template":"","meta":[],"_links":{"self":[{"href":"https:\/\/www.freunde-guter-musik-berlin.de\/index.php?rest_route=\/wp\/v2\/pages\/7"}],"collection":[{"href":"https:\/\/www.freunde-guter-musik-berlin.de\/index.php?rest_route=\/wp\/v2\/pages"}],"about":[{"href":"https:\/\/www.freunde-guter-musik-berlin.de\/index.php?rest_route=\/wp\/v2\/types\/page"}],"author":[{"embeddable":true,"href":"https:\/\/www.freunde-guter-musik-berlin.de\/index.php?rest_route=\/wp\/v2\/users\/2"}],"replies":[{"embeddable":true,"href":"https:\/\/www.freunde-guter-musik-berlin.de\/index.php?rest_route=%2Fwp%2Fv2%2Fcomments&post=7"}],"version-history":[{"count":12,"href":"https:\/\/www.freunde-guter-musik-berlin.de\/index.php?rest_route=\/wp\/v2\/pages\/7\/revisions"}],"predecessor-version":[{"id":4453,"href":"https:\/\/www.freunde-guter-musik-berlin.de\/index.php?rest_route=\/wp\/v2\/pages\/7\/revisions\/4453"}],"wp:attachment":[{"href":"https:\/\/www.freunde-guter-musik-berlin.de\/index.php?rest_route=%2Fwp%2Fv2%2Fmedia&parent=7"}],"curies":[{"name":"wp","href":"https:\/\/api.w.org\/{rel}","templated":true}]}}