{"id":9,"date":"2010-11-04T08:05:44","date_gmt":"2010-11-04T08:05:44","guid":{"rendered":"http:\/\/www.freunde-guter-musik-berlin.de\/wp\/?page_id=9"},"modified":"2023-03-15T14:55:46","modified_gmt":"2023-03-15T14:55:46","slug":"impressum","status":"publish","type":"page","link":"https:\/\/www.freunde-guter-musik-berlin.de\/?page_id=9","title":{"rendered":"Impressum"},"content":{"rendered":"<p><strong>Freunde Guter Musik Berlin e.V.<\/strong><\/p>\n<p>Redaktion: Ingrid Buschmann<br \/>\n\u00dcbersetzungen: Andrea Lerner<\/p>\n<p>Gestaltung und Programmierung:\u00a0<a href=\"http:\/\/www.ants-and-butterflies.de\/\" target=\"_blank\" rel=\"noopener\">Frank Paul, A &amp; B ants and butterflies<\/a><\/p>\n<p>Hintergundbild: \u00a0 <strong>Historische Halle, Hamburger Bahnhof \u2013 Museum f\u00fcr Gegenwart \u2013 Berlin, <\/strong>\u00a9 Staatliche Museen zu Berlin, Nationalgalerie, Foto: Thomas Bruns<\/p>\n<p>Trotz sorgf\u00e4ltiger inhaltlicher Kontrolle \u00fcbernehmen wir keine Haftung f\u00fcr die Inhalte externer Links. F\u00fcr den Inhalt der verlinkten Seiten sind ausschlie\u00dflich deren Betreiber verantwortlich.<\/p>\n<p>&nbsp;<\/p>\n","protected":false},"excerpt":{"rendered":"<p>Freunde Guter Musik Berlin e.V. Redaktion: Ingrid Buschmann \u00dcbersetzungen: Andrea Lerner Gestaltung und Programmierung:\u00a0Frank Paul, A &amp; B ants and butterflies Hintergundbild: \u00a0 Historische Halle, Hamburger Bahnhof \u2013 Museum f\u00fcr Gegenwart \u2013 Berlin, \u00a9 Staatliche Museen zu Berlin, Nationalgalerie, Foto: Thomas Bruns Trotz sorgf\u00e4ltiger inhaltlicher Kontrolle \u00fcbernehmen wir keine Haftung f\u00fcr die Inhalte externer Links. F\u00fcr den Inhalt der verlinkten Seiten sind ausschlie\u00dflich deren Betreiber verantwortlich. &nbsp;<\/p>\n","protected":false},"author":2,"featured_media":0,"parent":0,"menu_order":3,"comment_status":"closed","ping_status":"closed","template":"","meta":[],"_links":{"self":[{"href":"https:\/\/www.freunde-guter-musik-berlin.de\/index.php?rest_route=\/wp\/v2\/pages\/9"}],"collection":[{"href":"https:\/\/www.freunde-guter-musik-berlin.de\/index.php?rest_route=\/wp\/v2\/pages"}],"about":[{"href":"https:\/\/www.freunde-guter-musik-berlin.de\/index.php?rest_route=\/wp\/v2\/types\/page"}],"author":[{"embeddable":true,"href":"https:\/\/www.freunde-guter-musik-berlin.de\/index.php?rest_route=\/wp\/v2\/users\/2"}],"replies":[{"embeddable":true,"href":"https:\/\/www.freunde-guter-musik-berlin.de\/index.php?rest_route=%2Fwp%2Fv2%2Fcomments&post=9"}],"version-history":[{"count":9,"href":"https:\/\/www.freunde-guter-musik-berlin.de\/index.php?rest_route=\/wp\/v2\/pages\/9\/revisions"}],"predecessor-version":[{"id":4457,"href":"https:\/\/www.freunde-guter-musik-berlin.de\/index.php?rest_route=\/wp\/v2\/pages\/9\/revisions\/4457"}],"wp:attachment":[{"href":"https:\/\/www.freunde-guter-musik-berlin.de\/index.php?rest_route=%2Fwp%2Fv2%2Fmedia&parent=9"}],"curies":[{"name":"wp","href":"https:\/\/api.w.org\/{rel}","templated":true}]}}